{"id":21,"date":"2013-11-07T13:05:23","date_gmt":"2013-11-07T11:05:23","guid":{"rendered":"http:\/\/neu.blau-weiss-spandau.de\/?page_id=21"},"modified":"2025-05-16T14:17:29","modified_gmt":"2025-05-16T12:17:29","slug":"impressum","status":"publish","type":"page","link":"https:\/\/www.blau-weiss-spandau.de\/wordpress\/impressum\/","title":{"rendered":"Impressum"},"content":{"rendered":"<div class=\"fusion-fullwidth fullwidth-box fusion-builder-row-1 fusion-flex-container nonhundred-percent-fullwidth non-hundred-percent-height-scrolling\" style=\"--awb-border-radius-top-left:0px;--awb-border-radius-top-right:0px;--awb-border-radius-bottom-right:0px;--awb-border-radius-bottom-left:0px;--awb-flex-wrap:wrap;\" ><div class=\"fusion-builder-row fusion-row fusion-flex-align-items-flex-start fusion-flex-content-wrap\" style=\"max-width:1302px;margin-left: calc(-5% \/ 2 );margin-right: calc(-5% \/ 2 );\"><div class=\"fusion-layout-column fusion_builder_column fusion-builder-column-0 fusion_builder_column_1_1 1_1 fusion-flex-column\" style=\"--awb-bg-blend:overlay;--awb-bg-size:cover;--awb-width-large:100%;--awb-margin-top-large:0px;--awb-spacing-right-large:2.375%;--awb-margin-bottom-large:0px;--awb-spacing-left-large:2.375%;--awb-width-medium:100%;--awb-spacing-right-medium:2.375%;--awb-spacing-left-medium:2.375%;--awb-width-small:100%;--awb-spacing-right-small:2.375%;--awb-spacing-left-small:2.375%;\"><div class=\"fusion-column-wrapper fusion-flex-justify-content-flex-start fusion-content-layout-column\"><div class=\"fusion-text fusion-text-1\"><p><b>Offizielle Homepage des FV Blau-Weiss Spandau 1903 e.V.<\/b><br \/>\n<a title=\"\" href=\"http:\/\/www.blau-weiss-spandau.de\/\" target=\"_blank\" rel=\"noopener noreferrer\">http:\/\/www.blau-weiss-spandau.de<\/a><\/p>\n<p>Registergericht: Amtsgericht Charlottenburg<br \/>\nRegisternummer: VR 9661 NZ<br \/>\nUmsatzsteuer-ID: 616\/53975<\/p>\n<p><b>Vertretungsberechtigter Vorstand:<\/b><br \/>\n1. Vorsitzender Hr. David Ruby<br \/>\n2. Vorsitzender Hr. Andreas Eichbaum<br \/>\n3. Vorsitzender Hr. Kai Dumke<br \/>\n4. Gesch\u00e4ftsf\u00fchrer Hr. Ole Ninnemann<br \/>\n5. Jugendleiter Hr. Marco Schad<br \/>\n6. Jugendleiter Hr. Stelianos Kiperis<br \/>\n<span style=\"background-color: rgba(255, 255, 255, 0); color: var(--body_typography-color); font-family: var(--body_typography-font-family); font-size: var(--body_typography-font-size); font-style: var(--body_typography-font-style,normal); font-weight: var(--body_typography-font-weight); letter-spacing: var(--body_typography-letter-spacing);\">7. Kassiererin Fr. Sabine Annem\u00fcller<\/span><\/p>\n<p><b>Anschrift und E-Mail:<br \/>\n<\/b><br \/>\nFV Blau-Weiss Spandau 03 e.V.<br \/>\nSabine Annem\u00fcller<br \/>\nSpandauer Str. 35-37<br \/>\n14612 Falkensee<\/p>\n<p>Per Email sind wir zu erreichen unter:<br \/>\n<a href=\"mailto:info@blau-weiss-spandau.de\">info@blau-weiss-spandau.de<\/a><\/p>\n<p><b>Weitere Informationen zu dieser Seite:<\/b><br \/>\nDie Internetseite des FV Blau-Weiss Spandau 1903 e.V. wird derzeit gepflegt von David Ruby.<\/p>\n<p><b>Haftungsausschluss:<\/b><br \/>\nDie bereitgestellten Informationen auf den Websites wurden sorgf\u00e4ltig gepr\u00fcft und werden regelm\u00e4\u00dfig aktualisiert. Jedoch kann keine Haftung oder Garantie daf\u00fcr \u00fcbernommen werden, dass alle Angaben zu jeder Zeit vollst\u00e4ndig, richtig und in letzter Aktualit\u00e4t dargestellt sind.<br \/>\nDies gilt insbesondere f\u00fcr alle Verbindungen (&#8222;Links&#8220;) zu anderen Websites, auf die direkt oder indirekt verwiesen wird. Hinsichtlich der Links erkl\u00e4rt der FV Blau-Weiss Spandau 1903 e.V. ausdr\u00fccklich, dass sie keinerlei Einfluss auf die Gestaltung und die Inhalte der verlinkten Seiten hat und sich diese Inhalte nicht zu eigen macht.<br \/>\nDiese Erkl\u00e4rung gilt f\u00fcr alle auf der Website des FV Blau-Weiss Spandau 03 e.V. angezeigten Links und f\u00fcr alle Inhalte der Seiten, zu denen die bei dem FV Blau-Weiss Spandau 03 e.V. angemeldeten Banner und Links f\u00fchren.<\/p>\n<p>Bildnachweis:<\/p>\n<p>Die Vereinswappen auf den Unterseiten kommen von der Seite http:\/\/www.vereinswappen.de\/<\/p>\n<div><\/div>\n<\/div><\/div><\/div><\/div><\/div>\n","protected":false},"excerpt":{"rendered":"","protected":false},"author":45,"featured_media":0,"parent":0,"menu_order":0,"comment_status":"closed","ping_status":"closed","template":"","meta":{"_acf_changed":false,"inline_featured_image":false,"footnotes":""},"class_list":["post-21","page","type-page","status-publish","hentry"],"acf":[],"_links":{"self":[{"href":"https:\/\/www.blau-weiss-spandau.de\/wordpress\/wp-json\/wp\/v2\/pages\/21","targetHints":{"allow":["GET"]}}],"collection":[{"href":"https:\/\/www.blau-weiss-spandau.de\/wordpress\/wp-json\/wp\/v2\/pages"}],"about":[{"href":"https:\/\/www.blau-weiss-spandau.de\/wordpress\/wp-json\/wp\/v2\/types\/page"}],"author":[{"embeddable":true,"href":"https:\/\/www.blau-weiss-spandau.de\/wordpress\/wp-json\/wp\/v2\/users\/45"}],"replies":[{"embeddable":true,"href":"https:\/\/www.blau-weiss-spandau.de\/wordpress\/wp-json\/wp\/v2\/comments?post=21"}],"version-history":[{"count":15,"href":"https:\/\/www.blau-weiss-spandau.de\/wordpress\/wp-json\/wp\/v2\/pages\/21\/revisions"}],"predecessor-version":[{"id":11427,"href":"https:\/\/www.blau-weiss-spandau.de\/wordpress\/wp-json\/wp\/v2\/pages\/21\/revisions\/11427"}],"wp:attachment":[{"href":"https:\/\/www.blau-weiss-spandau.de\/wordpress\/wp-json\/wp\/v2\/media?parent=21"}],"curies":[{"name":"wp","href":"https:\/\/api.w.org\/{rel}","templated":true}]}}