{"id":322,"date":"2013-11-14T23:44:19","date_gmt":"2013-11-14T21:44:19","guid":{"rendered":"http:\/\/neu.blau-weiss-spandau.de\/?page_id=322"},"modified":"2025-10-27T12:24:47","modified_gmt":"2025-10-27T11:24:47","slug":"trainingszeiten","status":"publish","type":"page","link":"https:\/\/www.blau-weiss-spandau.de\/wordpress\/verein\/trainingszeiten\/","title":{"rendered":"Trainingszeiten"},"content":{"rendered":"<div class=\"fusion-fullwidth fullwidth-box fusion-builder-row-1 fusion-flex-container has-pattern-background has-mask-background nonhundred-percent-fullwidth non-hundred-percent-height-scrolling\" style=\"--awb-border-radius-top-left:0px;--awb-border-radius-top-right:0px;--awb-border-radius-bottom-right:0px;--awb-border-radius-bottom-left:0px;--awb-padding-top:20px;--awb-padding-bottom:20px;--awb-flex-wrap:wrap;\" ><div class=\"fusion-builder-row fusion-row fusion-flex-align-items-flex-start fusion-flex-content-wrap\" style=\"max-width:1302px;margin-left: calc(-5% \/ 2 );margin-right: calc(-5% \/ 2 );\"><div class=\"fusion-layout-column fusion_builder_column fusion-builder-column-0 fusion_builder_column_1_1 1_1 fusion-flex-column\" style=\"--awb-bg-size:cover;--awb-width-large:100%;--awb-margin-top-large:0px;--awb-spacing-right-large:2.375%;--awb-margin-bottom-large:0px;--awb-spacing-left-large:2.375%;--awb-width-medium:100%;--awb-spacing-right-medium:2.375%;--awb-spacing-left-medium:2.375%;--awb-width-small:100%;--awb-spacing-right-small:2.375%;--awb-spacing-left-small:2.375%;\"><div class=\"fusion-column-wrapper fusion-flex-justify-content-flex-start fusion-content-layout-column\"><div class=\"fusion-text fusion-text-1\"><p data-start=\"167\" data-end=\"392\">Gemeinsam trainieren wir regelm\u00e4\u00dfig auf unserem Vereinsgel\u00e4nde in der Wilhelmstadt \u2013 Spandau, direkt neben der <a href=\"http:\/\/brecht-oberschule.de\/\">Bertolt-Brecht-Oberschule<\/a>.<br \/>\n<br data-start=\"304\" data-end=\"307\" \/>Unser Trainingsort:<br data-start=\"326\" data-end=\"329\" \/><strong data-start=\"329\" data-end=\"358\">Sportanlage Wilhelmstra\u00dfe<\/strong><br data-start=\"358\" data-end=\"361\" \/>Wilhelmstr. 10<br data-start=\"375\" data-end=\"378\" \/>13595 Berlin<\/p>\n<p data-start=\"394\" data-end=\"520\">Hier findest du alle aktuellen Trainingszeiten unserer Mannschaften \u2013 komm gern vorbei und schau dir unser Training einmal an!<\/p>\n<\/div>\n<div class=\"table-1\">\n<table width=\"100%\">\n<thead>\n<tr>\n<th align=\"left\">Trainingszeiten<\/th>\n<th style=\"text-align: center;\">Montag<\/th>\n<th style=\"text-align: center;\">Dienstag<\/th>\n<th style=\"text-align: center;\">Mittwoch<\/th>\n<th style=\"text-align: center;\">Donnerstag<\/th>\n<th style=\"text-align: center;\">Freitag<\/th>\n<\/tr>\n<\/thead>\n<tbody><!-- 17:00 - 18:30 --><\/p>\n<tr>\n<td style=\"text-align: center;\" rowspan=\"5\"><strong>17:00 &#8211; 18:30<\/strong><\/td>\n<td>2. D-Jugend<\/td>\n<td>2. F-Jugend (BBO o)<\/td>\n<td>2. D-Jugend<\/td>\n<td>2. F-Jugend<\/td>\n<td>1. D-Jugend<\/td>\n<\/tr>\n<tr>\n<td>2. E-Jugend<\/td>\n<td>1. F-Jugend (BBO o)<\/td>\n<td>2. E-Jugend<\/td>\n<td>1. F-Jugend<\/td>\n<td>2. E-Jugend<\/td>\n<\/tr>\n<tr>\n<td>3. F-Jugend<\/td>\n<td>1. G-Jugend (BBO u)<\/td>\n<td>1. D-Jugend<\/td>\n<td>3. F-Jugend \/ Bambinis<\/td>\n<td>2. D-Jugend<\/td>\n<\/tr>\n<tr>\n<td><\/td>\n<td>Bambinis<\/td>\n<td><\/td>\n<td>1. G-Jugend<\/td>\n<td>1. E-Jugend (BBO u)<\/td>\n<\/tr>\n<tr>\n<td><\/td>\n<td>1. E-Jugend<\/td>\n<td><\/td>\n<td><\/td>\n<td><\/td>\n<\/tr>\n<p><!-- 18:30 - 20:00 --><\/p>\n<tr>\n<td style=\"text-align: center;\" rowspan=\"2\"><strong>18:30 &#8211; 20:00<\/strong><\/td>\n<td>1. A-Jugend<\/td>\n<td>1. B-Jugend<\/td>\n<td>1. C-Jugend<\/td>\n<td>1. C-Jugend<\/td>\n<td>1. B-Jugend<\/td>\n<\/tr>\n<tr>\n<td>1. C-Jugend<\/td>\n<td>1. D-Jugend<\/td>\n<td>1. B-Jugend<\/td>\n<td><\/td>\n<td><\/td>\n<\/tr>\n<p><!-- 20:00 - 21:30 --><\/p>\n<tr>\n<td style=\"text-align: center;\" rowspan=\"2\"><strong>20:00 &#8211; 21:30<\/strong><\/td>\n<td>7er Herren<\/td>\n<td>1. Herren<\/td>\n<td>7er Herren<\/td>\n<td>1. Herren<\/td>\n<td>1. Herren<\/td>\n<\/tr>\n<tr>\n<td><\/td>\n<td>1. Frauen<\/td>\n<td>2. Herren<\/td>\n<td>1. A-Jugend<\/td>\n<td>1. Frauen<\/td>\n<\/tr>\n<\/tbody>\n<\/table>\n<\/div>\n<\/div><\/div><\/div><\/div>\n","protected":false},"excerpt":{"rendered":"","protected":false},"author":45,"featured_media":0,"parent":7631,"menu_order":0,"comment_status":"closed","ping_status":"closed","template":"","meta":{"_acf_changed":false,"inline_featured_image":false,"footnotes":""},"class_list":["post-322","page","type-page","status-publish","hentry"],"acf":[],"_links":{"self":[{"href":"https:\/\/www.blau-weiss-spandau.de\/wordpress\/wp-json\/wp\/v2\/pages\/322","targetHints":{"allow":["GET"]}}],"collection":[{"href":"https:\/\/www.blau-weiss-spandau.de\/wordpress\/wp-json\/wp\/v2\/pages"}],"about":[{"href":"https:\/\/www.blau-weiss-spandau.de\/wordpress\/wp-json\/wp\/v2\/types\/page"}],"author":[{"embeddable":true,"href":"https:\/\/www.blau-weiss-spandau.de\/wordpress\/wp-json\/wp\/v2\/users\/45"}],"replies":[{"embeddable":true,"href":"https:\/\/www.blau-weiss-spandau.de\/wordpress\/wp-json\/wp\/v2\/comments?post=322"}],"version-history":[{"count":131,"href":"https:\/\/www.blau-weiss-spandau.de\/wordpress\/wp-json\/wp\/v2\/pages\/322\/revisions"}],"predecessor-version":[{"id":11841,"href":"https:\/\/www.blau-weiss-spandau.de\/wordpress\/wp-json\/wp\/v2\/pages\/322\/revisions\/11841"}],"up":[{"embeddable":true,"href":"https:\/\/www.blau-weiss-spandau.de\/wordpress\/wp-json\/wp\/v2\/pages\/7631"}],"wp:attachment":[{"href":"https:\/\/www.blau-weiss-spandau.de\/wordpress\/wp-json\/wp\/v2\/media?parent=322"}],"curies":[{"name":"wp","href":"https:\/\/api.w.org\/{rel}","templated":true}]}}